{"id":7,"date":"2020-10-07T04:43:41","date_gmt":"2020-10-07T04:43:41","guid":{"rendered":"https:\/\/clinicareviversaude-com-br.andamento.dev.br\/?page_id=7"},"modified":"2023-12-19T18:18:13","modified_gmt":"2023-12-19T18:18:13","slug":"home","status":"publish","type":"page","link":"https:\/\/clinicareviversaude.com.br\/","title":{"rendered":"Home"},"content":{"rendered":"\t\t<div data-elementor-type=\"wp-page\" data-elementor-id=\"7\" class=\"elementor elementor-7\" data-elementor-post-type=\"page\">\n\t\t\t\t\t\t<section class=\"elementor-section elementor-top-section elementor-element elementor-element-30ae985 elementor-section-height-min-height elementor-section-boxed elementor-section-height-default elementor-section-items-middle\" data-id=\"30ae985\" data-element_type=\"section\" data-settings=\"{&quot;background_background&quot;:&quot;classic&quot;,&quot;background_motion_fx_motion_fx_mouse&quot;:&quot;yes&quot;,&quot;background_motion_fx_mouseTrack_effect&quot;:&quot;yes&quot;,&quot;background_motion_fx_mouseTrack_speed&quot;:{&quot;unit&quot;:&quot;px&quot;,&quot;size&quot;:0.2,&quot;sizes&quot;:[]}}\">\n\t\t\t\t\t\t\t<div class=\"elementor-background-overlay\"><\/div>\n\t\t\t\t\t\t\t<div class=\"elementor-container elementor-column-gap-default\">\n\t\t\t\t\t<div class=\"elementor-column elementor-col-50 elementor-top-column elementor-element elementor-element-ece250e\" data-id=\"ece250e\" data-element_type=\"column\">\n\t\t\t<div class=\"elementor-widget-wrap elementor-element-populated\">\n\t\t\t\t\t\t<div class=\"elementor-element elementor-element-68a1643 elementor-hidden-desktop elementor-hidden-tablet elementor-widget elementor-widget-image\" data-id=\"68a1643\" data-element_type=\"widget\" data-widget_type=\"image.default\">\n\t\t\t\t<div class=\"elementor-widget-container\">\n\t\t\t<style>\/*! elementor - v3.20.0 - 11-03-2024 *\/\n.elementor-widget-image{text-align:center}.elementor-widget-image a{display:inline-block}.elementor-widget-image a img[src$=\".svg\"]{width:48px}.elementor-widget-image img{vertical-align:middle;display:inline-block}<\/style>\t\t\t\t\t\t\t\t\t\t<img fetchpriority=\"high\" decoding=\"async\" width=\"896\" height=\"386\" src=\"https:\/\/clinicareviversaude.com.br\/wp-content\/uploads\/2023\/12\/logo-clinica-reviver-saude-equilibrium.png\" class=\"attachment-large size-large wp-image-24741\" alt=\"\" srcset=\"https:\/\/clinicareviversaude.com.br\/wp-content\/uploads\/2023\/12\/logo-clinica-reviver-saude-equilibrium.png 896w, https:\/\/clinicareviversaude.com.br\/wp-content\/smush-webp\/2023\/12\/logo-clinica-reviver-saude-equilibrium-300x129.png.webp 300w, https:\/\/clinicareviversaude.com.br\/wp-content\/smush-webp\/2023\/12\/logo-clinica-reviver-saude-equilibrium-768x331.png.webp 768w\" sizes=\"(max-width: 896px) 100vw, 896px\" data-smush-webp-fallback=\"{&quot;srcset&quot;:&quot;https:\\\/\\\/clinicareviversaude.com.br\\\/wp-content\\\/uploads\\\/2023\\\/12\\\/logo-clinica-reviver-saude-equilibrium.png 896w, https:\\\/\\\/clinicareviversaude.com.br\\\/wp-content\\\/uploads\\\/2023\\\/12\\\/logo-clinica-reviver-saude-equilibrium-300x129.png 300w, https:\\\/\\\/clinicareviversaude.com.br\\\/wp-content\\\/uploads\\\/2023\\\/12\\\/logo-clinica-reviver-saude-equilibrium-768x331.png 768w&quot;}\" \/>\t\t\t\t\t\t\t\t\t\t\t\t\t<\/div>\n\t\t\t\t<\/div>\n\t\t\t\t<div class=\"elementor-element elementor-element-7acfc7d elementor-widget elementor-widget-heading\" data-id=\"7acfc7d\" data-element_type=\"widget\" data-widget_type=\"heading.default\">\n\t\t\t\t<div class=\"elementor-widget-container\">\n\t\t\t<style>\/*! elementor - v3.20.0 - 11-03-2024 *\/\n.elementor-heading-title{padding:0;margin:0;line-height:1}.elementor-widget-heading .elementor-heading-title[class*=elementor-size-]>a{color:inherit;font-size:inherit;line-height:inherit}.elementor-widget-heading .elementor-heading-title.elementor-size-small{font-size:15px}.elementor-widget-heading .elementor-heading-title.elementor-size-medium{font-size:19px}.elementor-widget-heading .elementor-heading-title.elementor-size-large{font-size:29px}.elementor-widget-heading .elementor-heading-title.elementor-size-xl{font-size:39px}.elementor-widget-heading .elementor-heading-title.elementor-size-xxl{font-size:59px}<\/style><h2 class=\"elementor-heading-title elementor-size-default\">Transformando Vidas h\u00e1 Mais de 25 Anos.<\/h2>\t\t<\/div>\n\t\t\t\t<\/div>\n\t\t\t\t<div class=\"elementor-element elementor-element-9f14f31 elementor-widget elementor-widget-heading\" data-id=\"9f14f31\" data-element_type=\"widget\" data-widget_type=\"heading.default\">\n\t\t\t\t<div class=\"elementor-widget-container\">\n\t\t\t<p class=\"elementor-heading-title elementor-size-default\">Cl\u00ednica Especializada em Ci\u00eancias Mentais:<br \/> <b>Atendimento Terap\u00eautico Exclusivo para Indiv\u00edduos e Casais.<\/b><\/p>\t\t<\/div>\n\t\t\t\t<\/div>\n\t\t\t\t<section class=\"elementor-section elementor-inner-section elementor-element elementor-element-a53e89b elementor-section-boxed elementor-section-height-default elementor-section-height-default\" data-id=\"a53e89b\" data-element_type=\"section\">\n\t\t\t\t\t\t<div class=\"elementor-container elementor-column-gap-default\">\n\t\t\t\t\t<div class=\"elementor-column elementor-col-33 elementor-inner-column elementor-element elementor-element-781d150\" data-id=\"781d150\" data-element_type=\"column\">\n\t\t\t<div class=\"elementor-widget-wrap elementor-element-populated\">\n\t\t\t\t\t\t<div class=\"elementor-element elementor-element-fb02d4d elementor-cta--layout-image-above elementor-cta--skin-classic elementor-animated-content elementor-bg-transform elementor-bg-transform-zoom-in elementor-widget elementor-widget-call-to-action\" data-id=\"fb02d4d\" data-element_type=\"widget\" data-widget_type=\"call-to-action.default\">\n\t\t\t\t<div class=\"elementor-widget-container\">\n\t\t\t<link rel=\"stylesheet\" href=\"https:\/\/clinicareviversaude.com.br\/wp-content\/plugins\/elementor-pro\/assets\/css\/widget-call-to-action.min.css\">\t\t<a class=\"elementor-cta\" href=\"?page_id=24860\">\n\t\t\t\t\t\t\t<div class=\"elementor-cta__content\">\n\t\t\t\t\t\t\t\t\t<div class=\"elementor-content-item elementor-cta__content-item elementor-cta__image\">\n\t\t\t\t\t\t<img decoding=\"async\" width=\"150\" height=\"82\" data-src=\"https:\/\/clinicareviversaude.com.br\/wp-content\/uploads\/2023\/12\/ico-psicologia.png\" class=\"attachment-full size-full wp-image-24750 lazyload\" alt=\"\" src=\"data:image\/gif;base64,R0lGODlhAQABAAAAACH5BAEKAAEALAAAAAABAAEAAAICTAEAOw==\" \/><noscript><img decoding=\"async\" width=\"150\" height=\"82\" src=\"https:\/\/clinicareviversaude.com.br\/wp-content\/uploads\/2023\/12\/ico-psicologia.png\" class=\"attachment-full size-full wp-image-24750\" alt=\"\" \/><\/noscript>\t\t\t\t\t<\/div>\n\t\t\t\t\n\t\t\t\t\t\t\t\t\t<h4 class=\"elementor-cta__title elementor-cta__content-item elementor-content-item\">\n\t\t\t\t\t\tPsicologia\t\t\t\t\t<\/h4>\n\t\t\t\t\n\t\t\t\t\n\t\t\t\t\t\t\t<\/div>\n\t\t\t\t\t\t<\/a>\n\t\t\t\t<\/div>\n\t\t\t\t<\/div>\n\t\t\t\t\t<\/div>\n\t\t<\/div>\n\t\t\t\t<div class=\"elementor-column elementor-col-33 elementor-inner-column elementor-element elementor-element-1eaa686\" data-id=\"1eaa686\" data-element_type=\"column\">\n\t\t\t<div class=\"elementor-widget-wrap elementor-element-populated\">\n\t\t\t\t\t\t<div class=\"elementor-element elementor-element-d9d5dd7 elementor-cta--layout-image-above elementor-cta--skin-classic elementor-animated-content elementor-bg-transform elementor-bg-transform-zoom-in elementor-widget elementor-widget-call-to-action\" data-id=\"d9d5dd7\" data-element_type=\"widget\" data-widget_type=\"call-to-action.default\">\n\t\t\t\t<div class=\"elementor-widget-container\">\n\t\t\t\t\t<a class=\"elementor-cta\" href=\"?page_id=24977\">\n\t\t\t\t\t\t\t<div class=\"elementor-cta__content\">\n\t\t\t\t\t\t\t\t\t<div class=\"elementor-content-item elementor-cta__content-item elementor-cta__image\">\n\t\t\t\t\t\t<img decoding=\"async\" width=\"150\" height=\"82\" data-src=\"https:\/\/clinicareviversaude.com.br\/wp-content\/uploads\/2023\/12\/ico-parapsicologia.png\" class=\"attachment-full size-full wp-image-24749 lazyload\" alt=\"\" src=\"data:image\/gif;base64,R0lGODlhAQABAAAAACH5BAEKAAEALAAAAAABAAEAAAICTAEAOw==\" \/><noscript><img decoding=\"async\" width=\"150\" height=\"82\" src=\"https:\/\/clinicareviversaude.com.br\/wp-content\/uploads\/2023\/12\/ico-parapsicologia.png\" class=\"attachment-full size-full wp-image-24749\" alt=\"\" \/><\/noscript>\t\t\t\t\t<\/div>\n\t\t\t\t\n\t\t\t\t\t\t\t\t\t<h4 class=\"elementor-cta__title elementor-cta__content-item elementor-content-item\">\n\t\t\t\t\t\tParapsicologia\t\t\t\t\t<\/h4>\n\t\t\t\t\n\t\t\t\t\n\t\t\t\t\t\t\t<\/div>\n\t\t\t\t\t\t<\/a>\n\t\t\t\t<\/div>\n\t\t\t\t<\/div>\n\t\t\t\t\t<\/div>\n\t\t<\/div>\n\t\t\t\t<div class=\"elementor-column elementor-col-33 elementor-inner-column elementor-element elementor-element-783eb01 elementor-hidden-mobile\" data-id=\"783eb01\" data-element_type=\"column\">\n\t\t\t<div class=\"elementor-widget-wrap\">\n\t\t\t\t\t\t\t<\/div>\n\t\t<\/div>\n\t\t\t\t\t<\/div>\n\t\t<\/section>\n\t\t\t\t<section class=\"elementor-section elementor-inner-section elementor-element elementor-element-83ec6bd elementor-section-boxed elementor-section-height-default elementor-section-height-default\" data-id=\"83ec6bd\" data-element_type=\"section\">\n\t\t\t\t\t\t<div class=\"elementor-container elementor-column-gap-no\">\n\t\t\t\t\t<div class=\"elementor-column elementor-col-50 elementor-inner-column elementor-element elementor-element-421f61d\" data-id=\"421f61d\" data-element_type=\"column\">\n\t\t\t<div class=\"elementor-widget-wrap elementor-element-populated\">\n\t\t\t\t\t\t<div class=\"elementor-element elementor-element-6bb0d15 elementor-widget elementor-widget-heading\" data-id=\"6bb0d15\" data-element_type=\"widget\" data-widget_type=\"heading.default\">\n\t\t\t\t<div class=\"elementor-widget-container\">\n\t\t\t<p class=\"elementor-heading-title elementor-size-default\">Selecione uma \u00e1rea de atendimento. <i class=\"far fa-arrow-alt-circle-up\"><\/i><\/p>\t\t<\/div>\n\t\t\t\t<\/div>\n\t\t\t\t\t<\/div>\n\t\t<\/div>\n\t\t\t\t<div class=\"elementor-column elementor-col-50 elementor-inner-column elementor-element elementor-element-a3d70f8 elementor-hidden-mobile\" data-id=\"a3d70f8\" data-element_type=\"column\">\n\t\t\t<div class=\"elementor-widget-wrap\">\n\t\t\t\t\t\t\t<\/div>\n\t\t<\/div>\n\t\t\t\t\t<\/div>\n\t\t<\/section>\n\t\t\t\t\t<\/div>\n\t\t<\/div>\n\t\t\t\t<div class=\"elementor-column elementor-col-50 elementor-top-column elementor-element elementor-element-046c007 elementor-hidden-mobile\" data-id=\"046c007\" data-element_type=\"column\">\n\t\t\t<div class=\"elementor-widget-wrap\">\n\t\t\t\t\t\t\t<\/div>\n\t\t<\/div>\n\t\t\t\t\t<\/div>\n\t\t<\/section>\n\t\t\t\t<\/div>\n\t\t","protected":false},"excerpt":{"rendered":"<p>Transformando Vidas h\u00e1 Mais de 25 Anos. Cl\u00ednica Especializada em Ci\u00eancias Mentais: Atendimento Terap\u00eautico Exclusivo para Indiv\u00edduos e Casais. Psicologia Parapsicologia Selecione uma \u00e1rea de atendimento.<\/p>\n","protected":false},"author":1,"featured_media":0,"parent":0,"menu_order":0,"comment_status":"closed","ping_status":"closed","template":"","meta":{"inline_featured_image":false,"site-sidebar-layout":"no-sidebar","site-content-layout":"page-builder","ast-site-content-layout":"","site-content-style":"default","site-sidebar-style":"default","ast-global-header-display":"","ast-banner-title-visibility":"","ast-main-header-display":"","ast-hfb-above-header-display":"","ast-hfb-below-header-display":"","ast-hfb-mobile-header-display":"","site-post-title":"disabled","ast-breadcrumbs-content":"","ast-featured-img":"disabled","footer-sml-layout":"","theme-transparent-header-meta":"default","adv-header-id-meta":"","stick-header-meta":"","header-above-stick-meta":"","header-main-stick-meta":"","header-below-stick-meta":"","astra-migrate-meta-layouts":"default","ast-page-background-enabled":"default","ast-page-background-meta":{"desktop":{"background-color":"","background-image":"","background-repeat":"repeat","background-position":"center center","background-size":"auto","background-attachment":"scroll","background-type":"","background-media":"","overlay-type":"","overlay-color":"","overlay-gradient":""},"tablet":{"background-color":"","background-image":"","background-repeat":"repeat","background-position":"center center","background-size":"auto","background-attachment":"scroll","background-type":"","background-media":"","overlay-type":"","overlay-color":"","overlay-gradient":""},"mobile":{"background-color":"","background-image":"","background-repeat":"repeat","background-position":"center center","background-size":"auto","background-attachment":"scroll","background-type":"","background-media":"","overlay-type":"","overlay-color":"","overlay-gradient":""}},"ast-content-background-meta":{"desktop":{"background-color":"var(--ast-global-color-5)","background-image":"","background-repeat":"repeat","background-position":"center center","background-size":"auto","background-attachment":"scroll","background-type":"","background-media":"","overlay-type":"","overlay-color":"","overlay-gradient":""},"tablet":{"background-color":"var(--ast-global-color-5)","background-image":"","background-repeat":"repeat","background-position":"center center","background-size":"auto","background-attachment":"scroll","background-type":"","background-media":"","overlay-type":"","overlay-color":"","overlay-gradient":""},"mobile":{"background-color":"var(--ast-global-color-5)","background-image":"","background-repeat":"repeat","background-position":"center center","background-size":"auto","background-attachment":"scroll","background-type":"","background-media":"","overlay-type":"","overlay-color":"","overlay-gradient":""}},"footnotes":""},"class_list":["post-7","page","type-page","status-publish","hentry"],"yoast_head":"<!-- This site is optimized with the Yoast SEO plugin v22.2 - https:\/\/yoast.com\/wordpress\/plugins\/seo\/ -->\n<title>Home - Cl\u00ednica Reviver<\/title>\n<meta name=\"robots\" content=\"index, follow, max-snippet:-1, max-image-preview:large, max-video-preview:-1\" \/>\n<link rel=\"canonical\" href=\"https:\/\/clinicareviversaude.com.br\/\" \/>\n<meta property=\"og:locale\" content=\"pt_BR\" \/>\n<meta property=\"og:type\" content=\"article\" \/>\n<meta property=\"og:title\" content=\"Home - Cl\u00ednica Reviver\" \/>\n<meta property=\"og:description\" content=\"Transformando Vidas h\u00e1 Mais de 25 Anos. Cl\u00ednica Especializada em Ci\u00eancias Mentais: Atendimento Terap\u00eautico Exclusivo para Indiv\u00edduos e Casais. Psicologia Parapsicologia Selecione uma \u00e1rea de atendimento.\" \/>\n<meta property=\"og:url\" content=\"https:\/\/clinicareviversaude.com.br\/\" \/>\n<meta property=\"og:site_name\" content=\"Cl\u00ednica Reviver\" \/>\n<meta property=\"article:modified_time\" content=\"2023-12-19T18:18:13+00:00\" \/>\n<meta property=\"og:image\" content=\"https:\/\/clinicareviversaude.com.br\/wp-content\/uploads\/2023\/12\/logo-clinica-reviver-saude-equilibrium.png\" \/>\n<meta name=\"twitter:card\" content=\"summary_large_image\" \/>\n<meta name=\"twitter:label1\" content=\"Est. tempo de leitura\" \/>\n\t<meta name=\"twitter:data1\" content=\"1 minuto\" \/>\n<script type=\"application\/ld+json\" class=\"yoast-schema-graph\">{\"@context\":\"https:\/\/schema.org\",\"@graph\":[{\"@type\":\"WebPage\",\"@id\":\"https:\/\/clinicareviversaude.com.br\/\",\"url\":\"https:\/\/clinicareviversaude.com.br\/\",\"name\":\"Home - Cl\u00ednica Reviver\",\"isPartOf\":{\"@id\":\"https:\/\/clinicareviversaude.com.br\/#website\"},\"primaryImageOfPage\":{\"@id\":\"https:\/\/clinicareviversaude.com.br\/#primaryimage\"},\"image\":{\"@id\":\"https:\/\/clinicareviversaude.com.br\/#primaryimage\"},\"thumbnailUrl\":\"https:\/\/clinicareviversaude.com.br\/wp-content\/uploads\/2023\/12\/logo-clinica-reviver-saude-equilibrium.png\",\"datePublished\":\"2020-10-07T04:43:41+00:00\",\"dateModified\":\"2023-12-19T18:18:13+00:00\",\"breadcrumb\":{\"@id\":\"https:\/\/clinicareviversaude.com.br\/#breadcrumb\"},\"inLanguage\":\"pt-BR\",\"potentialAction\":[{\"@type\":\"ReadAction\",\"target\":[\"https:\/\/clinicareviversaude.com.br\/\"]}]},{\"@type\":\"ImageObject\",\"inLanguage\":\"pt-BR\",\"@id\":\"https:\/\/clinicareviversaude.com.br\/#primaryimage\",\"url\":\"https:\/\/clinicareviversaude.com.br\/wp-content\/uploads\/2023\/12\/logo-clinica-reviver-saude-equilibrium.png\",\"contentUrl\":\"https:\/\/clinicareviversaude.com.br\/wp-content\/uploads\/2023\/12\/logo-clinica-reviver-saude-equilibrium.png\",\"width\":896,\"height\":386},{\"@type\":\"BreadcrumbList\",\"@id\":\"https:\/\/clinicareviversaude.com.br\/#breadcrumb\",\"itemListElement\":[{\"@type\":\"ListItem\",\"position\":1,\"name\":\"In\u00edcio\",\"item\":\"https:\/\/clinicareviversaude.com.br\/\"},{\"@type\":\"ListItem\",\"position\":2,\"name\":\"Home\"}]},{\"@type\":\"WebSite\",\"@id\":\"https:\/\/clinicareviversaude.com.br\/#website\",\"url\":\"https:\/\/clinicareviversaude.com.br\/\",\"name\":\"Cl\u00ednica Reviver\",\"description\":\"Cl\u00ednica de Atendimento Psicol\u00f3gico e Parapsicol\u00f3gico\",\"publisher\":{\"@id\":\"https:\/\/clinicareviversaude.com.br\/#organization\"},\"potentialAction\":[{\"@type\":\"SearchAction\",\"target\":{\"@type\":\"EntryPoint\",\"urlTemplate\":\"https:\/\/clinicareviversaude.com.br\/?s={search_term_string}\"},\"query-input\":\"required name=search_term_string\"}],\"inLanguage\":\"pt-BR\"},{\"@type\":\"Organization\",\"@id\":\"https:\/\/clinicareviversaude.com.br\/#organization\",\"name\":\"Cl\u00ednica Reviver\",\"url\":\"https:\/\/clinicareviversaude.com.br\/\",\"logo\":{\"@type\":\"ImageObject\",\"inLanguage\":\"pt-BR\",\"@id\":\"https:\/\/clinicareviversaude.com.br\/#\/schema\/logo\/image\/\",\"url\":\"https:\/\/clinicareviversaude.com.br\/wp-content\/uploads\/2020\/10\/logo-clinica-reviver-saude-new.png\",\"contentUrl\":\"https:\/\/clinicareviversaude.com.br\/wp-content\/uploads\/2020\/10\/logo-clinica-reviver-saude-new.png\",\"width\":250,\"height\":80,\"caption\":\"Cl\u00ednica Reviver\"},\"image\":{\"@id\":\"https:\/\/clinicareviversaude.com.br\/#\/schema\/logo\/image\/\"}}]}<\/script>\n<!-- \/ Yoast SEO plugin. -->","yoast_head_json":{"title":"Home - Cl\u00ednica Reviver","robots":{"index":"index","follow":"follow","max-snippet":"max-snippet:-1","max-image-preview":"max-image-preview:large","max-video-preview":"max-video-preview:-1"},"canonical":"https:\/\/clinicareviversaude.com.br\/","og_locale":"pt_BR","og_type":"article","og_title":"Home - Cl\u00ednica Reviver","og_description":"Transformando Vidas h\u00e1 Mais de 25 Anos. Cl\u00ednica Especializada em Ci\u00eancias Mentais: Atendimento Terap\u00eautico Exclusivo para Indiv\u00edduos e Casais. Psicologia Parapsicologia Selecione uma \u00e1rea de atendimento.","og_url":"https:\/\/clinicareviversaude.com.br\/","og_site_name":"Cl\u00ednica Reviver","article_modified_time":"2023-12-19T18:18:13+00:00","og_image":[{"url":"https:\/\/clinicareviversaude.com.br\/wp-content\/uploads\/2023\/12\/logo-clinica-reviver-saude-equilibrium.png"}],"twitter_card":"summary_large_image","twitter_misc":{"Est. tempo de leitura":"1 minuto"},"schema":{"@context":"https:\/\/schema.org","@graph":[{"@type":"WebPage","@id":"https:\/\/clinicareviversaude.com.br\/","url":"https:\/\/clinicareviversaude.com.br\/","name":"Home - Cl\u00ednica Reviver","isPartOf":{"@id":"https:\/\/clinicareviversaude.com.br\/#website"},"primaryImageOfPage":{"@id":"https:\/\/clinicareviversaude.com.br\/#primaryimage"},"image":{"@id":"https:\/\/clinicareviversaude.com.br\/#primaryimage"},"thumbnailUrl":"https:\/\/clinicareviversaude.com.br\/wp-content\/uploads\/2023\/12\/logo-clinica-reviver-saude-equilibrium.png","datePublished":"2020-10-07T04:43:41+00:00","dateModified":"2023-12-19T18:18:13+00:00","breadcrumb":{"@id":"https:\/\/clinicareviversaude.com.br\/#breadcrumb"},"inLanguage":"pt-BR","potentialAction":[{"@type":"ReadAction","target":["https:\/\/clinicareviversaude.com.br\/"]}]},{"@type":"ImageObject","inLanguage":"pt-BR","@id":"https:\/\/clinicareviversaude.com.br\/#primaryimage","url":"https:\/\/clinicareviversaude.com.br\/wp-content\/uploads\/2023\/12\/logo-clinica-reviver-saude-equilibrium.png","contentUrl":"https:\/\/clinicareviversaude.com.br\/wp-content\/uploads\/2023\/12\/logo-clinica-reviver-saude-equilibrium.png","width":896,"height":386},{"@type":"BreadcrumbList","@id":"https:\/\/clinicareviversaude.com.br\/#breadcrumb","itemListElement":[{"@type":"ListItem","position":1,"name":"In\u00edcio","item":"https:\/\/clinicareviversaude.com.br\/"},{"@type":"ListItem","position":2,"name":"Home"}]},{"@type":"WebSite","@id":"https:\/\/clinicareviversaude.com.br\/#website","url":"https:\/\/clinicareviversaude.com.br\/","name":"Cl\u00ednica Reviver","description":"Cl\u00ednica de Atendimento Psicol\u00f3gico e Parapsicol\u00f3gico","publisher":{"@id":"https:\/\/clinicareviversaude.com.br\/#organization"},"potentialAction":[{"@type":"SearchAction","target":{"@type":"EntryPoint","urlTemplate":"https:\/\/clinicareviversaude.com.br\/?s={search_term_string}"},"query-input":"required name=search_term_string"}],"inLanguage":"pt-BR"},{"@type":"Organization","@id":"https:\/\/clinicareviversaude.com.br\/#organization","name":"Cl\u00ednica Reviver","url":"https:\/\/clinicareviversaude.com.br\/","logo":{"@type":"ImageObject","inLanguage":"pt-BR","@id":"https:\/\/clinicareviversaude.com.br\/#\/schema\/logo\/image\/","url":"https:\/\/clinicareviversaude.com.br\/wp-content\/uploads\/2020\/10\/logo-clinica-reviver-saude-new.png","contentUrl":"https:\/\/clinicareviversaude.com.br\/wp-content\/uploads\/2020\/10\/logo-clinica-reviver-saude-new.png","width":250,"height":80,"caption":"Cl\u00ednica Reviver"},"image":{"@id":"https:\/\/clinicareviversaude.com.br\/#\/schema\/logo\/image\/"}}]}},"_links":{"self":[{"href":"https:\/\/clinicareviversaude.com.br\/index.php?rest_route=\/wp\/v2\/pages\/7","targetHints":{"allow":["GET"]}}],"collection":[{"href":"https:\/\/clinicareviversaude.com.br\/index.php?rest_route=\/wp\/v2\/pages"}],"about":[{"href":"https:\/\/clinicareviversaude.com.br\/index.php?rest_route=\/wp\/v2\/types\/page"}],"author":[{"embeddable":true,"href":"https:\/\/clinicareviversaude.com.br\/index.php?rest_route=\/wp\/v2\/users\/1"}],"replies":[{"embeddable":true,"href":"https:\/\/clinicareviversaude.com.br\/index.php?rest_route=%2Fwp%2Fv2%2Fcomments&post=7"}],"version-history":[{"count":66,"href":"https:\/\/clinicareviversaude.com.br\/index.php?rest_route=\/wp\/v2\/pages\/7\/revisions"}],"predecessor-version":[{"id":24999,"href":"https:\/\/clinicareviversaude.com.br\/index.php?rest_route=\/wp\/v2\/pages\/7\/revisions\/24999"}],"wp:attachment":[{"href":"https:\/\/clinicareviversaude.com.br\/index.php?rest_route=%2Fwp%2Fv2%2Fmedia&parent=7"}],"curies":[{"name":"wp","href":"https:\/\/api.w.org\/{rel}","templated":true}]}}